{"id":1703,"date":"2020-02-06T12:29:30","date_gmt":"2020-02-06T12:29:30","guid":{"rendered":"http:\/\/asociacerusistu.cz\/?page_id=1703"},"modified":"2020-02-06T12:56:30","modified_gmt":"2020-02-06T12:56:30","slug":"sborniky","status":"publish","type":"page","link":"https:\/\/asociacerusistu.cz\/?page_id=1703","title":{"rendered":"Sborn\u00edky"},"content":{"rendered":"<div style=\"text-align: justify; margin: 0px 10px 10px 10px;\"><a href=\"https:\/\/asociacerusistu.cz\/wp-content\/uploads\/2020\/02\/Sborn\u00edk-Ars-Poetica.pdf\" target=\"_blank\" rel=\"noopener noreferrer\">Sborn\u00edk Ars Poetica<\/a><\/div>\n<div style=\"text-align: justify; margin: 0px 10px 10px 10px;\"><a href=\"https:\/\/asociacerusistu.cz\/wp-content\/uploads\/2020\/02\/P\u00edsn\u011b-\u010ceskoslovenska-v-RJ.pdf\" target=\"_blank\" rel=\"noopener noreferrer\">P\u00edsn\u011b \u010ceskoslovenska v&nbsp;RJ<\/a><\/div>\n","protected":false},"excerpt":{"rendered":"<p>Sborn\u00edk Ars Poetica P\u00edsn\u011b \u010ceskoslovenska v&nbsp;RJ<\/p>\n","protected":false},"author":1,"featured_media":0,"parent":0,"menu_order":0,"comment_status":"closed","ping_status":"closed","template":"","meta":{"footnotes":""},"class_list":["post-1703","page","type-page","status-publish","hentry"],"_links":{"self":[{"href":"https:\/\/asociacerusistu.cz\/index.php?rest_route=\/wp\/v2\/pages\/1703","targetHints":{"allow":["GET"]}}],"collection":[{"href":"https:\/\/asociacerusistu.cz\/index.php?rest_route=\/wp\/v2\/pages"}],"about":[{"href":"https:\/\/asociacerusistu.cz\/index.php?rest_route=\/wp\/v2\/types\/page"}],"author":[{"embeddable":true,"href":"https:\/\/asociacerusistu.cz\/index.php?rest_route=\/wp\/v2\/users\/1"}],"replies":[{"embeddable":true,"href":"https:\/\/asociacerusistu.cz\/index.php?rest_route=%2Fwp%2Fv2%2Fcomments&post=1703"}],"version-history":[{"count":3,"href":"https:\/\/asociacerusistu.cz\/index.php?rest_route=\/wp\/v2\/pages\/1703\/revisions"}],"predecessor-version":[{"id":1713,"href":"https:\/\/asociacerusistu.cz\/index.php?rest_route=\/wp\/v2\/pages\/1703\/revisions\/1713"}],"wp:attachment":[{"href":"https:\/\/asociacerusistu.cz\/index.php?rest_route=%2Fwp%2Fv2%2Fmedia&parent=1703"}],"curies":[{"name":"wp","href":"https:\/\/api.w.org\/{rel}","templated":true}]}}